{"id":92,"date":"2023-02-06T08:24:28","date_gmt":"2023-02-06T08:24:28","guid":{"rendered":"https:\/\/www.garraforteadministracao.com.br\/home\/?page_id=92"},"modified":"2023-10-27T11:22:10","modified_gmt":"2023-10-27T14:22:10","slug":"nossa-missao","status":"publish","type":"page","link":"https:\/\/www.garraforteadministracao.com.br\/home\/nossa-missao\/","title":{"rendered":"Nossa miss\u00e3o"},"content":{"rendered":"\t\t<div data-elementor-type=\"wp-page\" data-elementor-id=\"92\" class=\"elementor elementor-92\">\n\t\t\t\t\t\t\t\t\t<section class=\"elementor-section elementor-top-section elementor-element elementor-element-524b03bc elementor-section-boxed elementor-section-height-default elementor-section-height-default rt-parallax-bg-no\" data-id=\"524b03bc\" data-element_type=\"section\">\n\t\t\t\t\t\t<div class=\"elementor-container elementor-column-gap-default\">\n\t\t\t\t\t<div class=\"elementor-column elementor-col-100 elementor-top-column elementor-element elementor-element-3d331d57\" data-id=\"3d331d57\" data-element_type=\"column\">\n\t\t\t<div class=\"elementor-widget-wrap elementor-element-populated\">\n\t\t\t\t\t\t\t\t<div class=\"elementor-element elementor-element-b8c3865 elementor-invisible elementor-widget elementor-widget-rt-title\" data-id=\"b8c3865\" data-element_type=\"widget\" data-widget_type=\"rt-title.default\">\n\t\t\t\t<div class=\"elementor-widget-container\">\n\t\t\t<div class=\"rt-section-title has-animation style1\">\n\t<div class=\"title-holder\">\t\t\n\t\t\t\t<div class=\"sub-title hide fadeInUp\" data-wow-delay=\"0.2s\" data-wow-duration=\"1.4s\">Nossa Miss\u00e3o\t\t<span class=\"line\"><\/span><\/div>\n\t\t\t\t\t\t<h2 class=\"entry-title hide fadeInUp\" data-wow-delay=\"0.6s\" data-wow-duration=\"1.4s\">Fortalecer Conex\u00f5es, Construir Confian\u00e7a<\/h2>\n\t\t\t\t\n\t<\/div>\n<\/div>\n\t\t<\/div>\n\t\t\t\t<\/div>\n\t\t\t\t<div class=\"elementor-element elementor-element-cf9976f elementor-widget elementor-widget-text-editor\" data-id=\"cf9976f\" data-element_type=\"widget\" data-widget_type=\"text-editor.default\">\n\t\t\t\t<div class=\"elementor-widget-container\">\n\t\t\t\t\t\t\t<p>Na Garra Forte, nossa miss\u00e3o transcende a presta\u00e7\u00e3o de servi\u00e7os. Somos impulsionados por um prop\u00f3sito maior: fortalecer conex\u00f5es e construir confian\u00e7a em cada intera\u00e7\u00e3o. Estamos dedicados a proporcionar solu\u00e7\u00f5es excepcionais em administra\u00e7\u00e3o e servi\u00e7os especializados, elevando a experi\u00eancia de nossos clientes e parceiros.<\/p>\t\t\t\t\t\t<\/div>\n\t\t\t\t<\/div>\n\t\t\t\t<div class=\"elementor-element elementor-element-c11d3f3 elementor-widget elementor-widget-heading\" data-id=\"c11d3f3\" data-element_type=\"widget\" data-widget_type=\"heading.default\">\n\t\t\t\t<div class=\"elementor-widget-container\">\n\t\t\t<h2 class=\"elementor-heading-title elementor-size-default\">Compromisso com a Excel\u00eancia:<\/h2>\t\t<\/div>\n\t\t\t\t<\/div>\n\t\t\t\t<div class=\"elementor-element elementor-element-5abd150 elementor-widget elementor-widget-text-editor\" data-id=\"5abd150\" data-element_type=\"widget\" data-widget_type=\"text-editor.default\">\n\t\t\t\t<div class=\"elementor-widget-container\">\n\t\t\t\t\t\t\t<p>Buscamos a excel\u00eancia em tudo o que fazemos. Da administra\u00e7\u00e3o \u00e0 manuten\u00e7\u00e3o, cada a\u00e7\u00e3o \u00e9 guiada pela busca constante por qualidade, inova\u00e7\u00e3o e efici\u00eancia. Estamos comprometidos em superar expectativas e estabelecer padr\u00f5es elevados em todos os aspectos do nosso trabalho.<\/p>\t\t\t\t\t\t<\/div>\n\t\t\t\t<\/div>\n\t\t\t\t<div class=\"elementor-element elementor-element-fe5d0e3 elementor-widget elementor-widget-heading\" data-id=\"fe5d0e3\" data-element_type=\"widget\" data-widget_type=\"heading.default\">\n\t\t\t\t<div class=\"elementor-widget-container\">\n\t\t\t<h2 class=\"elementor-heading-title elementor-size-default\">Desenvolvimento Sustent\u00e1vel:<\/h2>\t\t<\/div>\n\t\t\t\t<\/div>\n\t\t\t\t<div class=\"elementor-element elementor-element-35da5f2 elementor-widget elementor-widget-text-editor\" data-id=\"35da5f2\" data-element_type=\"widget\" data-widget_type=\"text-editor.default\">\n\t\t\t\t<div class=\"elementor-widget-container\">\n\t\t\t\t\t\t\t<p>Conduzimos nossos neg\u00f3cios de maneira sustent\u00e1vel, reconhecendo a responsabilidade que temos para com o meio ambiente e a comunidade. Promovemos pr\u00e1ticas que minimizam nosso impacto e contribuem para um futuro mais sustent\u00e1vel.<\/p>\t\t\t\t\t\t<\/div>\n\t\t\t\t<\/div>\n\t\t\t\t<div class=\"elementor-element elementor-element-6b8a474 elementor-widget elementor-widget-heading\" data-id=\"6b8a474\" data-element_type=\"widget\" data-widget_type=\"heading.default\">\n\t\t\t\t<div class=\"elementor-widget-container\">\n\t\t\t<h2 class=\"elementor-heading-title elementor-size-default\">Cuidado com Colaboradores:<\/h2>\t\t<\/div>\n\t\t\t\t<\/div>\n\t\t\t\t<div class=\"elementor-element elementor-element-77750e5 elementor-widget elementor-widget-text-editor\" data-id=\"77750e5\" data-element_type=\"widget\" data-widget_type=\"text-editor.default\">\n\t\t\t\t<div class=\"elementor-widget-container\">\n\t\t\t\t\t\t\t<p>Entendemos que nossa equipe \u00e9 a espinha dorsal do nosso sucesso. Investimos no desenvolvimento, capacita\u00e7\u00e3o e bem-estar dos nossos colaboradores, criando um ambiente que estimula o crescimento profissional e pessoal.<\/p>\t\t\t\t\t\t<\/div>\n\t\t\t\t<\/div>\n\t\t\t\t<div class=\"elementor-element elementor-element-ffcd63a elementor-widget elementor-widget-heading\" data-id=\"ffcd63a\" data-element_type=\"widget\" data-widget_type=\"heading.default\">\n\t\t\t\t<div class=\"elementor-widget-container\">\n\t\t\t<h2 class=\"elementor-heading-title elementor-size-default\">Inova\u00e7\u00e3o e Tecnologia:<\/h2>\t\t<\/div>\n\t\t\t\t<\/div>\n\t\t\t\t<div class=\"elementor-element elementor-element-8e99c47 elementor-widget elementor-widget-text-editor\" data-id=\"8e99c47\" data-element_type=\"widget\" data-widget_type=\"text-editor.default\">\n\t\t\t\t<div class=\"elementor-widget-container\">\n\t\t\t\t\t\t\t<p>Abra\u00e7amos a inova\u00e7\u00e3o e investimos nas mais recentes tecnologias para oferecer solu\u00e7\u00f5es eficazes e modernas. Buscamos constantemente maneiras de aprimorar nossos servi\u00e7os e antecipar as necessidades em evolu\u00e7\u00e3o dos nossos clientes.<\/p>\t\t\t\t\t\t<\/div>\n\t\t\t\t<\/div>\n\t\t\t\t<div class=\"elementor-element elementor-element-cf215c4 elementor-widget elementor-widget-heading\" data-id=\"cf215c4\" data-element_type=\"widget\" data-widget_type=\"heading.default\">\n\t\t\t\t<div class=\"elementor-widget-container\">\n\t\t\t<h2 class=\"elementor-heading-title elementor-size-default\">Relacionamentos Duradouros:<\/h2>\t\t<\/div>\n\t\t\t\t<\/div>\n\t\t\t\t<div class=\"elementor-element elementor-element-08ae39d elementor-widget elementor-widget-text-editor\" data-id=\"08ae39d\" data-element_type=\"widget\" data-widget_type=\"text-editor.default\">\n\t\t\t\t<div class=\"elementor-widget-container\">\n\t\t\t\t\t\t\t<p>Acreditamos que cada intera\u00e7\u00e3o \u00e9 uma oportunidade de construir relacionamentos duradouros. Valorizamos a transpar\u00eancia, a \u00e9tica e a comunica\u00e7\u00e3o aberta, criando la\u00e7os de confian\u00e7a que s\u00e3o a base do nosso sucesso.<\/p>\t\t\t\t\t\t<\/div>\n\t\t\t\t<\/div>\n\t\t\t\t\t<\/div>\n\t\t<\/div>\n\t\t\t\t\t\t\t<\/div>\n\t\t<\/section>\n\t\t\t\t\t\t\t<\/div>\n\t\t","protected":false},"excerpt":{"rendered":"<p>Nossa Miss\u00e3o Fortalecer Conex\u00f5es, Construir Confian\u00e7a Na Garra Forte, nossa miss\u00e3o transcende a presta\u00e7\u00e3o de servi\u00e7os. Somos impulsionados por um prop\u00f3sito maior: fortalecer conex\u00f5es e construir confian\u00e7a em cada intera\u00e7\u00e3o. Estamos dedicados a proporcionar solu\u00e7\u00f5es excepcionais em administra\u00e7\u00e3o e servi\u00e7os especializados, elevando a experi\u00eancia de nossos clientes e parceiros. Compromisso com a Excel\u00eancia: Buscamos a [&hellip;]<\/p>\n","protected":false},"author":1,"featured_media":0,"parent":0,"menu_order":0,"comment_status":"closed","ping_status":"closed","template":"","meta":{"footnotes":""},"class_list":["post-92","page","type-page","status-publish","hentry"],"_links":{"self":[{"href":"https:\/\/www.garraforteadministracao.com.br\/home\/wp-json\/wp\/v2\/pages\/92","targetHints":{"allow":["GET"]}}],"collection":[{"href":"https:\/\/www.garraforteadministracao.com.br\/home\/wp-json\/wp\/v2\/pages"}],"about":[{"href":"https:\/\/www.garraforteadministracao.com.br\/home\/wp-json\/wp\/v2\/types\/page"}],"author":[{"embeddable":true,"href":"https:\/\/www.garraforteadministracao.com.br\/home\/wp-json\/wp\/v2\/users\/1"}],"replies":[{"embeddable":true,"href":"https:\/\/www.garraforteadministracao.com.br\/home\/wp-json\/wp\/v2\/comments?post=92"}],"version-history":[{"count":5,"href":"https:\/\/www.garraforteadministracao.com.br\/home\/wp-json\/wp\/v2\/pages\/92\/revisions"}],"predecessor-version":[{"id":5119,"href":"https:\/\/www.garraforteadministracao.com.br\/home\/wp-json\/wp\/v2\/pages\/92\/revisions\/5119"}],"wp:attachment":[{"href":"https:\/\/www.garraforteadministracao.com.br\/home\/wp-json\/wp\/v2\/media?parent=92"}],"curies":[{"name":"wp","href":"https:\/\/api.w.org\/{rel}","templated":true}]}}