{"id":579,"date":"2023-02-08T05:19:27","date_gmt":"2023-02-08T05:19:27","guid":{"rendered":"https:\/\/www.garraforteadministracao.com.br\/home\/our-mission-copy\/"},"modified":"2023-10-27T11:22:38","modified_gmt":"2023-10-27T14:22:38","slug":"termos-e-condicoes","status":"publish","type":"page","link":"https:\/\/www.garraforteadministracao.com.br\/home\/termos-e-condicoes\/","title":{"rendered":"Termos &#038; Condi\u00e7\u00f5es"},"content":{"rendered":"\t\t<div data-elementor-type=\"wp-page\" data-elementor-id=\"579\" class=\"elementor elementor-579\">\n\t\t\t\t\t\t\t\t\t<section class=\"elementor-section elementor-top-section elementor-element elementor-element-fff3d51 elementor-section-boxed elementor-section-height-default elementor-section-height-default rt-parallax-bg-no\" data-id=\"fff3d51\" data-element_type=\"section\">\n\t\t\t\t\t\t<div class=\"elementor-container elementor-column-gap-default\">\n\t\t\t\t\t<div class=\"elementor-column elementor-col-100 elementor-top-column elementor-element elementor-element-268a30f1\" data-id=\"268a30f1\" data-element_type=\"column\">\n\t\t\t<div class=\"elementor-widget-wrap elementor-element-populated\">\n\t\t\t\t\t\t\t\t<div class=\"elementor-element elementor-element-a697eb3 elementor-invisible elementor-widget elementor-widget-rt-title\" data-id=\"a697eb3\" data-element_type=\"widget\" data-widget_type=\"rt-title.default\">\n\t\t\t\t<div class=\"elementor-widget-container\">\n\t\t\t<div class=\"rt-section-title has-animation style2\">\n\t<div class=\"title-holder\">\n\t\t\t\t<h2 class=\"entry-title hide fadeInUp\" data-wow-delay=\"0.6s\" data-wow-duration=\"1.4s\">Quais s\u00e3o as informa\u00e7\u00f5es que coletamos?<\/h2>\t\t\n\t\t\t\t<div class=\"entry-text hide fadeInUp\" data-wow-delay=\"1s\" data-wow-duration=\"1.4s\"><p>Quando voc\u00ea interage conosco, podemos coletar seu nome, endere\u00e7o, endere\u00e7o(s) de e-mail, n\u00famero(s) de telefone e, quando apropriado, data de nascimento.<\/p><\/div>\n\t\t\t<\/div>\n<\/div>\t\t<\/div>\n\t\t\t\t<\/div>\n\t\t\t\t<div class=\"elementor-element elementor-element-ec2835b elementor-invisible elementor-widget elementor-widget-rt-title\" data-id=\"ec2835b\" data-element_type=\"widget\" data-widget_type=\"rt-title.default\">\n\t\t\t\t<div class=\"elementor-widget-container\">\n\t\t\t<div class=\"rt-section-title has-animation style2\">\n\t<div class=\"title-holder\">\n\t\t\t\t<h2 class=\"entry-title hide fadeInUp\" data-wow-delay=\"0.6s\" data-wow-duration=\"1.4s\">Como coletamos informa\u00e7\u00f5es?<\/h2>\t\t\n\t\t\t\t<div class=\"entry-text hide fadeInUp\" data-wow-delay=\"1s\" data-wow-duration=\"1.4s\"><p>Poderemos coletar informa\u00e7\u00f5es sobre voc\u00ea sempre que voc\u00ea interagir conosco. Por exemplo, quando voc\u00ea entra em contato sobre nossas atividades, registra-se como apoiador, envia ou recebe informa\u00e7\u00f5es ou assina uma peti\u00e7\u00e3o, voc\u00ea nos fornece espec\u00edfica e conscientemente suas informa\u00e7\u00f5es pessoais. Tamb\u00e9m poderemos receber informa\u00e7\u00f5es sobre voc\u00ea de terceiros \u2013 mas somente se voc\u00ea lhes tiver dado permiss\u00e3o para compartilhar suas informa\u00e7\u00f5es.<\/p><\/div>\n\t\t\t<\/div>\n<\/div>\t\t<\/div>\n\t\t\t\t<\/div>\n\t\t\t\t<div class=\"elementor-element elementor-element-29e3d25 elementor-invisible elementor-widget elementor-widget-rt-title\" data-id=\"29e3d25\" data-element_type=\"widget\" data-widget_type=\"rt-title.default\">\n\t\t\t\t<div class=\"elementor-widget-container\">\n\t\t\t<div class=\"rt-section-title has-animation style2\">\n\t<div class=\"title-holder\">\n\t\t\t\t<h2 class=\"entry-title hide fadeInUp\" data-wow-delay=\"0.6s\" data-wow-duration=\"1.4s\">Confidencialidade<\/h2>\t\t\n\t\t\t\t<div class=\"entry-text hide fadeInUp\" data-wow-delay=\"1s\" data-wow-duration=\"1.4s\"><p>N\u00e3o seremos respons\u00e1veis \u200b\u200bpela privacidade dos dados coletados por sites que n\u00e3o sejam de propriedade ou gerenciados pela Garra Forte, incluindo aqueles vinculados atrav\u00e9s do nosso site.<\/p><\/div>\n\t\t\t<\/div>\n<\/div>\t\t<\/div>\n\t\t\t\t<\/div>\n\t\t\t\t<div class=\"elementor-element elementor-element-157fdae elementor-invisible elementor-widget elementor-widget-rt-title\" data-id=\"157fdae\" data-element_type=\"widget\" data-widget_type=\"rt-title.default\">\n\t\t\t\t<div class=\"elementor-widget-container\">\n\t\t\t<div class=\"rt-section-title has-animation style2\">\n\t<div class=\"title-holder\">\n\t\t\t\t<h2 class=\"entry-title hide fadeInUp\" data-wow-delay=\"0.6s\" data-wow-duration=\"1.4s\">Fazendo uma reclama\u00e7\u00e3o<\/h2>\t\t\n\t\t\t\t<div class=\"entry-text hide fadeInUp\" data-wow-delay=\"1s\" data-wow-duration=\"1.4s\"><p>Se voc\u00ea n\u00e3o estiver satisfeito com a resposta, entre em contato conosco pelo e-mail <a href=\"mailto:contato@garraforteadministracao.com.br\">contato@garraforteadministracao.com.br<\/a> com os detalhes que explicam suas preocupa\u00e7\u00f5es. Analisaremos sua reclama\u00e7\u00e3o e investigaremos se os procedimentos corretos foram seguidos e responderemos conforme apropriado. Pretendemos concluir esta investiga\u00e7\u00e3o no prazo de 15 dias \u00fateis ap\u00f3s recebermos a sua reclama\u00e7\u00e3o, no entanto, em alguns casos, poder\u00e1 demorar mais tempo. Se ainda n\u00e3o estiver satisfeito com a resposta, entre em contato conosco.<\/p><\/div>\n\t\t\t<\/div>\n<\/div>\t\t<\/div>\n\t\t\t\t<\/div>\n\t\t\t\t\t<\/div>\n\t\t<\/div>\n\t\t\t\t\t\t\t<\/div>\n\t\t<\/section>\n\t\t\t\t\t\t\t<\/div>\n\t\t","protected":false},"excerpt":{"rendered":"<p>Quais s\u00e3o as informa\u00e7\u00f5es que coletamos? Quando voc\u00ea interage conosco, podemos coletar seu nome, endere\u00e7o, endere\u00e7o(s) de e-mail, n\u00famero(s) de telefone e, quando apropriado, data de nascimento. Como coletamos informa\u00e7\u00f5es? Poderemos coletar informa\u00e7\u00f5es sobre voc\u00ea sempre que voc\u00ea interagir conosco. Por exemplo, quando voc\u00ea entra em contato sobre nossas atividades, registra-se como apoiador, envia ou [&hellip;]<\/p>\n","protected":false},"author":1,"featured_media":0,"parent":0,"menu_order":0,"comment_status":"closed","ping_status":"closed","template":"elementor_header_footer","meta":{"footnotes":""},"class_list":["post-579","page","type-page","status-publish","hentry"],"_links":{"self":[{"href":"https:\/\/www.garraforteadministracao.com.br\/home\/wp-json\/wp\/v2\/pages\/579","targetHints":{"allow":["GET"]}}],"collection":[{"href":"https:\/\/www.garraforteadministracao.com.br\/home\/wp-json\/wp\/v2\/pages"}],"about":[{"href":"https:\/\/www.garraforteadministracao.com.br\/home\/wp-json\/wp\/v2\/types\/page"}],"author":[{"embeddable":true,"href":"https:\/\/www.garraforteadministracao.com.br\/home\/wp-json\/wp\/v2\/users\/1"}],"replies":[{"embeddable":true,"href":"https:\/\/www.garraforteadministracao.com.br\/home\/wp-json\/wp\/v2\/comments?post=579"}],"version-history":[{"count":5,"href":"https:\/\/www.garraforteadministracao.com.br\/home\/wp-json\/wp\/v2\/pages\/579\/revisions"}],"predecessor-version":[{"id":5103,"href":"https:\/\/www.garraforteadministracao.com.br\/home\/wp-json\/wp\/v2\/pages\/579\/revisions\/5103"}],"wp:attachment":[{"href":"https:\/\/www.garraforteadministracao.com.br\/home\/wp-json\/wp\/v2\/media?parent=579"}],"curies":[{"name":"wp","href":"https:\/\/api.w.org\/{rel}","templated":true}]}}