{"id":16,"date":"2023-02-06T03:35:02","date_gmt":"2023-02-06T06:35:02","guid":{"rendered":"https:\/\/www.garraforteadministracao.com.br\/home\/?page_id=16"},"modified":"2025-08-22T00:25:45","modified_gmt":"2025-08-22T03:25:45","slug":"contato","status":"publish","type":"page","link":"https:\/\/www.garraforteadministracao.com.br\/home\/contato\/","title":{"rendered":"Contato"},"content":{"rendered":"\t\t<div data-elementor-type=\"wp-page\" data-elementor-id=\"16\" class=\"elementor elementor-16\">\n\t\t\t\t\t\t\t\t\t<section class=\"elementor-section elementor-top-section elementor-element elementor-element-00254c2 elementor-section-full_width elementor-section-height-default elementor-section-height-default rt-parallax-bg-no\" data-id=\"00254c2\" data-element_type=\"section\">\n\t\t\t\t\t\t<div class=\"elementor-container elementor-column-gap-default\">\n\t\t\t\t\t<div class=\"elementor-column elementor-col-100 elementor-top-column elementor-element elementor-element-9cd5e43\" data-id=\"9cd5e43\" data-element_type=\"column\">\n\t\t\t<div class=\"elementor-widget-wrap elementor-element-populated\">\n\t\t\t\t\t\t\t\t<div class=\"elementor-element elementor-element-4ba1525 elementor-widget elementor-widget-google_maps\" data-id=\"4ba1525\" data-element_type=\"widget\" data-widget_type=\"google_maps.default\">\n\t\t\t\t<div class=\"elementor-widget-container\">\n\t\t\t\t\t<div class=\"elementor-custom-embed\">\n\t\t\t<iframe loading=\"lazy\"\n\t\t\t\t\tsrc=\"https:\/\/www.google.com\/maps\/embed\/v1\/place?key=AIzaSyBNBEDWRK7qpq0ScK-yZR0CA0EFf1KKWLc&#038;q=Av%2011%C2%B0%20avenida%2C%20Q42%2C%20lt%2008%2C%20n1028%20-%20Setor%20Leste%20Universit%C3%A1rio%2C%20Goi%C3%A2nia&#038;zoom=10\"\n\t\t\t\t\ttitle=\"Av 11\u00b0 avenida, Q42, lt 08, n1028 - Setor Leste Universit\u00e1rio, Goi\u00e2nia\"\n\t\t\t\t\taria-label=\"Av 11\u00b0 avenida, Q42, lt 08, n1028 - Setor Leste Universit\u00e1rio, Goi\u00e2nia\"\n\t\t\t><\/iframe>\n\t\t<\/div>\n\t\t\t\t<\/div>\n\t\t\t\t<\/div>\n\t\t\t\t\t<\/div>\n\t\t<\/div>\n\t\t\t\t\t\t\t<\/div>\n\t\t<\/section>\n\t\t\t\t<section class=\"elementor-section elementor-top-section elementor-element elementor-element-0d42a88 elementor-section-boxed elementor-section-height-default elementor-section-height-default rt-parallax-bg-no\" data-id=\"0d42a88\" data-element_type=\"section\">\n\t\t\t\t\t\t<div class=\"elementor-container elementor-column-gap-default\">\n\t\t\t\t\t<div class=\"elementor-column elementor-col-33 elementor-top-column elementor-element elementor-element-9248a1a\" data-id=\"9248a1a\" data-element_type=\"column\" data-settings=\"{&quot;background_background&quot;:&quot;classic&quot;}\">\n\t\t\t<div class=\"elementor-widget-wrap elementor-element-populated\">\n\t\t\t\t\t\t\t\t<div class=\"elementor-element elementor-element-07b71e4 elementor-invisible elementor-widget elementor-widget-rt-title\" data-id=\"07b71e4\" data-element_type=\"widget\" data-widget_type=\"rt-title.default\">\n\t\t\t\t<div class=\"elementor-widget-container\">\n\t\t\t<div class=\"rt-section-title has-animation style1\">\n\t<div class=\"title-holder\">\t\t\n\t\t\t\t\t\t<h2 class=\"entry-title hide fadeInUp\" data-wow-delay=\"0.6s\" data-wow-duration=\"1.4s\">Informa\u00e7\u00f5es<\/h2>\n\t\t\t\t\n\t<\/div>\n<\/div>\n\t\t<\/div>\n\t\t\t\t<\/div>\n\t\t\t\t<div class=\"elementor-element elementor-element-693d467 elementor-widget elementor-widget-text-editor\" data-id=\"693d467\" data-element_type=\"widget\" data-widget_type=\"text-editor.default\">\n\t\t\t\t<div class=\"elementor-widget-container\">\n\t\t\t\t\t\t\t<p>Se voc\u00ea tem perguntas, precisa de informa\u00e7\u00f5es adicionais ou est\u00e1 pronto para iniciar uma parceria conosco, ficaremos felizes em ouvir de voc\u00ea.<\/p>\t\t\t\t\t\t<\/div>\n\t\t\t\t<\/div>\n\t\t\t\t<div class=\"elementor-element elementor-element-5136908 elementor-invisible elementor-widget elementor-widget-rt-contact-info\" data-id=\"5136908\" data-element_type=\"widget\" data-widget_type=\"rt-contact-info.default\">\n\t\t\t\t<div class=\"elementor-widget-container\">\n\t\t\t\n<div class=\"rt-contact-info\">\n    <div class=\"rt-item item-icon hide fadeInUp\" data-wow-delay=\"0.2s\" data-wow-duration=\"1.2s\">\n    \t<div class=\"rt-item-icon\">\n\t          \n\t        \t            <i aria-hidden=\"true\" class=\" icon-faktorie-location\"><\/i>\t        \t         \n\t    <\/div>\n\t    <div class=\"rt-item-content\">\n\t        <h3 class=\"entry-title\">Endere\u00e7o<\/h3>\n\t        <ul class=\"contact-list\">\n\t            \t            <li>\n\t                \t                    11\u00b0 Avenida, n\u00b0 1028, Qd.42, Lt.08 -Setor Leste Universit\u00e1rio - Goi\u00e2nia\/GO<br>\nCEP.: 74.610-030\t                \t            <\/li>\n\t            \t        <\/ul>\n\t    <\/div>\n    <\/div>\n<\/div>\t\t<\/div>\n\t\t\t\t<\/div>\n\t\t\t\t<div class=\"elementor-element elementor-element-4c2a3eb elementor-widget-divider--view-line elementor-widget elementor-widget-divider\" data-id=\"4c2a3eb\" data-element_type=\"widget\" data-widget_type=\"divider.default\">\n\t\t\t\t<div class=\"elementor-widget-container\">\n\t\t\t\t\t<div class=\"elementor-divider\">\n\t\t\t<span class=\"elementor-divider-separator\">\n\t\t\t\t\t\t<\/span>\n\t\t<\/div>\n\t\t\t\t<\/div>\n\t\t\t\t<\/div>\n\t\t\t\t<div class=\"elementor-element elementor-element-d570e29 elementor-invisible elementor-widget elementor-widget-rt-contact-info\" data-id=\"d570e29\" data-element_type=\"widget\" data-widget_type=\"rt-contact-info.default\">\n\t\t\t\t<div class=\"elementor-widget-container\">\n\t\t\t\n<div class=\"rt-contact-info\">\n    <div class=\"rt-item item-icon hide fadeInUp\" data-wow-delay=\"0.2s\" data-wow-duration=\"1.2s\">\n    \t<div class=\"rt-item-icon\">\n\t          \n\t        \t            <i aria-hidden=\"true\" class=\"fas fa-phone\"><\/i>\t        \t         \n\t    <\/div>\n\t    <div class=\"rt-item-content\">\n\t        <h3 class=\"entry-title\">Telefone<\/h3>\n\t        <ul class=\"contact-list\">\n\t            \t            <li>\n\t                \t                <a href=\"tel:(62) 3624-2542\">\n\t                    (62) 3624-2542\t                <\/a>\n\t                \t            <\/li>\n\t            \t        <\/ul>\n\t    <\/div>\n    <\/div>\n<\/div>\t\t<\/div>\n\t\t\t\t<\/div>\n\t\t\t\t<div class=\"elementor-element elementor-element-9535bf2 elementor-invisible elementor-widget elementor-widget-rt-contact-info\" data-id=\"9535bf2\" data-element_type=\"widget\" data-widget_type=\"rt-contact-info.default\">\n\t\t\t\t<div class=\"elementor-widget-container\">\n\t\t\t\n<div class=\"rt-contact-info\">\n    <div class=\"rt-item item-icon hide fadeInUp\" data-wow-delay=\"0.2s\" data-wow-duration=\"1.2s\">\n    \t<div class=\"rt-item-icon\">\n\t          \n\t        \t            <i aria-hidden=\"true\" class=\"fab fa-whatsapp\"><\/i>\t        \t         \n\t    <\/div>\n\t    <div class=\"rt-item-content\">\n\t        <h3 class=\"entry-title\">Whatsapp<\/h3>\n\t        <ul class=\"contact-list\">\n\t            \t            <li>\n\t                \t                <a href=\"tel:(62) 99258-5432\">\n\t                    (62) 99258-5432\t                <\/a>\n\t                \t            <\/li>\n\t            \t        <\/ul>\n\t    <\/div>\n    <\/div>\n<\/div>\t\t<\/div>\n\t\t\t\t<\/div>\n\t\t\t\t<div class=\"elementor-element elementor-element-057b266 elementor-widget-divider--view-line elementor-widget elementor-widget-divider\" data-id=\"057b266\" data-element_type=\"widget\" data-widget_type=\"divider.default\">\n\t\t\t\t<div class=\"elementor-widget-container\">\n\t\t\t\t\t<div class=\"elementor-divider\">\n\t\t\t<span class=\"elementor-divider-separator\">\n\t\t\t\t\t\t<\/span>\n\t\t<\/div>\n\t\t\t\t<\/div>\n\t\t\t\t<\/div>\n\t\t\t\t<div class=\"elementor-element elementor-element-ce50dd0 elementor-invisible elementor-widget elementor-widget-rt-contact-info\" data-id=\"ce50dd0\" data-element_type=\"widget\" data-widget_type=\"rt-contact-info.default\">\n\t\t\t\t<div class=\"elementor-widget-container\">\n\t\t\t\n<div class=\"rt-contact-info\">\n    <div class=\"rt-item item-icon hide fadeInUp\" data-wow-delay=\"0.2s\" data-wow-duration=\"1.2s\">\n    \t<div class=\"rt-item-icon\">\n\t          \n\t        \t            <i aria-hidden=\"true\" class=\" icon-faktorie-message\"><\/i>\t        \t         \n\t    <\/div>\n\t    <div class=\"rt-item-content\">\n\t        <h3 class=\"entry-title\"> E-Mail Comercial<\/h3>\n\t        <ul class=\"contact-list\">\n\t            \t            <li>\n\t                \t                    contato@<br>\ngarraforteadministracao.com.br\t                \t            <\/li>\n\t            \t        <\/ul>\n\t    <\/div>\n    <\/div>\n<\/div>\t\t<\/div>\n\t\t\t\t<\/div>\n\t\t\t\t<div class=\"elementor-element elementor-element-4a6fef8 elementor-invisible elementor-widget elementor-widget-rt-contact-info\" data-id=\"4a6fef8\" data-element_type=\"widget\" data-widget_type=\"rt-contact-info.default\">\n\t\t\t\t<div class=\"elementor-widget-container\">\n\t\t\t\n<div class=\"rt-contact-info\">\n    <div class=\"rt-item item-icon hide fadeInUp\" data-wow-delay=\"0.2s\" data-wow-duration=\"1.2s\">\n    \t<div class=\"rt-item-icon\">\n\t          \n\t        \t            <i aria-hidden=\"true\" class=\" icon-faktorie-message\"><\/i>\t        \t         \n\t    <\/div>\n\t    <div class=\"rt-item-content\">\n\t        <h3 class=\"entry-title\">Email Licita\u00e7\u00e3o<\/h3>\n\t        <ul class=\"contact-list\">\n\t            \t            <li>\n\t                \t                <a href=\"mailto:garra.licitacao@gmail.com\">\n\t                    garra.licitacao@gmail.com\t                <\/a>\n\t                \t            <\/li>\n\t            \t        <\/ul>\n\t    <\/div>\n    <\/div>\n<\/div>\t\t<\/div>\n\t\t\t\t<\/div>\n\t\t\t\t\t<\/div>\n\t\t<\/div>\n\t\t\t\t<div class=\"elementor-column elementor-col-66 elementor-top-column elementor-element elementor-element-c01cd81\" data-id=\"c01cd81\" data-element_type=\"column\" data-settings=\"{&quot;background_background&quot;:&quot;classic&quot;}\">\n\t\t\t<div class=\"elementor-widget-wrap elementor-element-populated\">\n\t\t\t\t\t\t\t\t<div class=\"elementor-element elementor-element-1a36075 elementor-invisible elementor-widget elementor-widget-rt-title\" data-id=\"1a36075\" data-element_type=\"widget\" data-widget_type=\"rt-title.default\">\n\t\t\t\t<div class=\"elementor-widget-container\">\n\t\t\t<div class=\"rt-section-title has-animation style1\">\n\t<div class=\"title-holder\">\t\t\n\t\t\t\t\t\t<h2 class=\"entry-title hide fadeInUp\" data-wow-delay=\"0.6s\" data-wow-duration=\"1.4s\">Entrar em contato<\/h2>\n\t\t\t\t\n\t<\/div>\n<\/div>\n\t\t<\/div>\n\t\t\t\t<\/div>\n\t\t\t\t<div class=\"elementor-element elementor-element-5317bdb elementor-widget elementor-widget-text-editor\" data-id=\"5317bdb\" data-element_type=\"widget\" data-widget_type=\"text-editor.default\">\n\t\t\t\t<div class=\"elementor-widget-container\">\n\t\t\t\t\t\t\t<p>Preencha o formul\u00e1rio abaixo, e nossa equipe entrar\u00e1 em contato com voc\u00ea o mais breve poss\u00edvel. Garantimos uma resposta r\u00e1pida e eficiente.<\/p>\t\t\t\t\t\t<\/div>\n\t\t\t\t<\/div>\n\t\t\t\t<div class=\"elementor-element elementor-element-8647d85 fluentform-widget-submit-button-custom elementor-widget elementor-widget-fluent-form-widget\" data-id=\"8647d85\" data-element_type=\"widget\" data-widget_type=\"fluent-form-widget.default\">\n\t\t\t\t<div class=\"elementor-widget-container\">\n\t\t\t\n            <div class=\"fluentform-widget-wrapper fluentform-widget-align-default\">\n\n            \n            <div class='fluentform ff-default fluentform_wrapper_1 ffs_default_wrap'><form data-form_id=\"1\" id=\"fluentform_1\" class=\"frm-fluent-form fluent_form_1 ff-el-form-top ff_form_instance_1_1 ff-form-loading ff_has_v3_recptcha ffs_default\" data-form_instance=\"ff_form_instance_1_1\" method=\"POST\" data-recptcha_key=\"6LeIq7coAAAAAB7Q7PdgKSRXWiuHgBWxVPiV7oVr\" ><fieldset  style=\"border: none!important;margin: 0!important;padding: 0!important;background-color: transparent!important;box-shadow: none!important;outline: none!important; min-inline-size: 100%;\">\n                    <legend class=\"ff_screen_reader_title\" style=\"display: block; margin: 0!important;padding: 0!important;height: 0!important;text-indent: -999999px;width: 0!important;overflow:hidden;\">Contact Form<\/legend><input type='hidden' name='__fluent_form_embded_post_id' value='16' \/><input type=\"hidden\" id=\"_fluentform_1_fluentformnonce\" name=\"_fluentform_1_fluentformnonce\" value=\"4a40cd557f\" \/><input type=\"hidden\" name=\"_wp_http_referer\" value=\"\/home\/wp-json\/wp\/v2\/pages\/16\" \/><div data-name=\"ff_cn_id_1\"  class='ff-t-container ff-column-container ff_columns_total_2 contact-form '><div class='ff-t-cell ff-t-column-1' style='flex-basis: 50%;'><div data-type=\"name-element\" data-name=\"names\" class=\" ff-field_container ff-name-field-wrapper\" ><div class='ff-t-container'><div class='ff-t-cell '><div class='ff-el-group'><div class='ff-el-input--content'><input type=\"text\" name=\"names[first_name]\" id=\"ff_1_names_first_name_\" class=\"ff-el-form-control\" placeholder=\"Name\" aria-invalid=\"false\" aria-required=false><\/div><\/div><\/div><\/div><\/div><\/div><div class='ff-t-cell ff-t-column-2' style='flex-basis: 50%;'><div class='ff-el-group'><div class='ff-el-input--content'><input type=\"email\" name=\"email\" id=\"ff_1_email\" class=\"ff-el-form-control\" placeholder=\"E-mail\" data-name=\"email\"  aria-invalid=\"false\" aria-required=true><\/div><\/div><\/div><\/div><div data-name=\"ff_cn_id_2\"  class='ff-t-container ff-column-container ff_columns_total_2 contact-form '><div class='ff-t-cell ff-t-column-1' style='flex-basis: 50%;'><div class='ff-el-group'><div class='ff-el-input--content'><input type=\"text\" name=\"input_text\" class=\"ff-el-form-control\" placeholder=\"Telefone\" data-name=\"input_text\" id=\"ff_1_input_text\"  aria-invalid=\"false\" aria-required=false><\/div><\/div><\/div><div class='ff-t-cell ff-t-column-2' style='flex-basis: 50%;'><div class='ff-el-group'><div class='ff-el-input--content'><input type=\"text\" name=\"subject\" class=\"ff-el-form-control\" placeholder=\"Assunto\" data-name=\"subject\" id=\"ff_1_subject\"  aria-invalid=\"false\" aria-required=false><\/div><\/div><\/div><\/div><div class='ff-el-group contact-form'><div class='ff-el-input--content'><textarea aria-invalid=\"false\" aria-required=true name=\"message\" id=\"ff_1_message\" class=\"ff-el-form-control\" placeholder=\"Mensagem\" rows=\"6\" cols=\"2\" data-name=\"message\" ><\/textarea><\/div><\/div><div class='ff-el-group ff-text-left contact-form ff_submit_btn_wrapper'><button type=\"submit\" class=\"ff-btn ff-btn-submit ff-btn-md ff_btn_no_style\" >Enviar mensagem<\/button><\/div><\/fieldset><\/form><div id='fluentform_1_errors' class='ff-errors-in-stack ff_form_instance_1_1 ff-form-loading_errors ff_form_instance_1_1_errors'><\/div><\/div>        <script type=\"text\/javascript\">\n            window.fluent_form_ff_form_instance_1_1 = {\"id\":\"1\",\"settings\":{\"layout\":{\"labelPlacement\":\"top\",\"helpMessagePlacement\":\"with_label\",\"errorMessagePlacement\":\"inline\",\"cssClassName\":\"\",\"asteriskPlacement\":\"asterisk-right\"},\"restrictions\":{\"denyEmptySubmission\":{\"enabled\":false}}},\"form_instance\":\"ff_form_instance_1_1\",\"form_id_selector\":\"fluentform_1\",\"rules\":{\"names[first_name]\":{\"required\":{\"value\":true,\"message\":\"This field is required\"}},\"names[middle_name]\":{\"required\":{\"value\":false,\"message\":\"This field is required\"}},\"names[last_name]\":{\"required\":{\"value\":false,\"message\":\"This field is required\"}},\"email\":{\"required\":{\"value\":true,\"message\":\"Este campo \\u00e9 obrigat\\u00f3rio\"},\"email\":{\"value\":true,\"message\":\"Este campo deve conter um e-mail v\\u00e1lido\"}},\"input_text\":{\"required\":{\"value\":false,\"message\":\"This field is required\"}},\"subject\":{\"required\":{\"value\":false,\"message\":\"This field is required\"}},\"message\":{\"required\":{\"value\":true,\"message\":\"Este campo \\u00e9 obrigat\\u00f3rio\"}}}};\n                    <\/script>\n                    <\/div>\n\n            \t\t<\/div>\n\t\t\t\t<\/div>\n\t\t\t\t\t<\/div>\n\t\t<\/div>\n\t\t\t\t\t\t\t<\/div>\n\t\t<\/section>\n\t\t\t\t<section class=\"elementor-section elementor-top-section elementor-element elementor-element-86e9f17 elementor-section-boxed elementor-section-height-default elementor-section-height-default rt-parallax-bg-no\" data-id=\"86e9f17\" data-element_type=\"section\">\n\t\t\t\t\t\t<div class=\"elementor-container elementor-column-gap-default\">\n\t\t\t\t\t<div class=\"elementor-column elementor-col-100 elementor-top-column elementor-element elementor-element-5389b08\" data-id=\"5389b08\" data-element_type=\"column\">\n\t\t\t<div class=\"elementor-widget-wrap elementor-element-populated\">\n\t\t\t\t\t\t\t\t<div class=\"elementor-element elementor-element-30ff26a elementor-widget elementor-widget-google_maps\" data-id=\"30ff26a\" data-element_type=\"widget\" data-widget_type=\"google_maps.default\">\n\t\t\t\t<div class=\"elementor-widget-container\">\n\t\t\t\t\t<div class=\"elementor-custom-embed\">\n\t\t\t<iframe loading=\"lazy\"\n\t\t\t\t\tsrc=\"https:\/\/www.google.com\/maps\/embed\/v1\/place?key=AIzaSyBNBEDWRK7qpq0ScK-yZR0CA0EFf1KKWLc&#038;q=Av%2011%C2%B0%20avenida%2C%20Q42%2C%20lt%2008%2C%20n1028%20-%20Setor%20Leste%20Universit%C3%A1rio%2C%20Goi%C3%A2nia&#038;zoom=16\"\n\t\t\t\t\ttitle=\"Av 11\u00b0 avenida, Q42, lt 08, n1028 - Setor Leste Universit\u00e1rio, Goi\u00e2nia\"\n\t\t\t\t\taria-label=\"Av 11\u00b0 avenida, Q42, lt 08, n1028 - Setor Leste Universit\u00e1rio, Goi\u00e2nia\"\n\t\t\t><\/iframe>\n\t\t<\/div>\n\t\t\t\t<\/div>\n\t\t\t\t<\/div>\n\t\t\t\t\t<\/div>\n\t\t<\/div>\n\t\t\t\t\t\t\t<\/div>\n\t\t<\/section>\n\t\t\t\t\t\t\t<\/div>\n\t\t","protected":false},"excerpt":{"rendered":"<p>Informa\u00e7\u00f5es Se voc\u00ea tem perguntas, precisa de informa\u00e7\u00f5es adicionais ou est\u00e1 pronto para iniciar uma parceria conosco, ficaremos felizes em ouvir de voc\u00ea. Endere\u00e7o 11\u00b0 Avenida, n\u00b0 1028, Qd.42, Lt.08 -Setor Leste Universit\u00e1rio &#8211; Goi\u00e2nia\/GO CEP.: 74.610-030 Telefone (62) 3624-2542 Whatsapp (62) 99258-5432 E-Mail Comercial contato@ garraforteadministracao.com.br Email Licita\u00e7\u00e3o garra.licitacao@gmail.com Entrar em contato Preencha o [&hellip;]<\/p>\n","protected":false},"author":1,"featured_media":0,"parent":0,"menu_order":0,"comment_status":"closed","ping_status":"closed","template":"elementor_header_footer","meta":{"footnotes":""},"class_list":["post-16","page","type-page","status-publish","hentry"],"_links":{"self":[{"href":"https:\/\/www.garraforteadministracao.com.br\/home\/wp-json\/wp\/v2\/pages\/16","targetHints":{"allow":["GET"]}}],"collection":[{"href":"https:\/\/www.garraforteadministracao.com.br\/home\/wp-json\/wp\/v2\/pages"}],"about":[{"href":"https:\/\/www.garraforteadministracao.com.br\/home\/wp-json\/wp\/v2\/types\/page"}],"author":[{"embeddable":true,"href":"https:\/\/www.garraforteadministracao.com.br\/home\/wp-json\/wp\/v2\/users\/1"}],"replies":[{"embeddable":true,"href":"https:\/\/www.garraforteadministracao.com.br\/home\/wp-json\/wp\/v2\/comments?post=16"}],"version-history":[{"count":65,"href":"https:\/\/www.garraforteadministracao.com.br\/home\/wp-json\/wp\/v2\/pages\/16\/revisions"}],"predecessor-version":[{"id":5398,"href":"https:\/\/www.garraforteadministracao.com.br\/home\/wp-json\/wp\/v2\/pages\/16\/revisions\/5398"}],"wp:attachment":[{"href":"https:\/\/www.garraforteadministracao.com.br\/home\/wp-json\/wp\/v2\/media?parent=16"}],"curies":[{"name":"wp","href":"https:\/\/api.w.org\/{rel}","templated":true}]}}